{"id":90,"date":"2021-08-16T06:45:30","date_gmt":"2021-08-16T04:45:30","guid":{"rendered":"https:\/\/cultivanoo.com\/reservation\/?page_id=90"},"modified":"2021-08-16T06:51:54","modified_gmt":"2021-08-16T04:51:54","slug":"mentions-legales","status":"publish","type":"page","link":"https:\/\/cultivanoo.com\/reservation\/mentions-legales\/","title":{"rendered":"MENTIONS L\u00c9GALES"},"content":{"rendered":"<p>[vc_row][vc_column][vc_single_image image=\u00a0\u00bb7&Prime; img_size=\u00a0\u00bblarge\u00a0\u00bb alignment=\u00a0\u00bbcenter\u00a0\u00bb][\/vc_column][\/vc_row][vc_row][vc_column][vc_column_text]<\/p>\n<p style=\"text-align: center;\"><strong>MENTIONS LEGALES<\/strong><br \/>\nAgence Komkifo<\/p>\n<p style=\"text-align: center;\">Si\u00e8ge sociale<\/p>\n<p style=\"text-align: center;\">E.I au capital de 7500 euros<br \/>\n6 rue Charles Gounod, 97400 Saint-Denis, La R\u00e9union<br \/>\nT\u00e9l : +261 692 60 73 02<br \/>\nEmail: contact@cultivanoo.com<\/p>\n<p style=\"text-align: center;\">RCS : 511 850 323 Saint Denis de la r\u00e9union<br \/>\nSiret : 81475168100010<br \/>\nCode APE : 9001Z<br \/>\nDirecteur G\u00e9n\u00e9rale : Mr Zakaria Mall<\/p>\n<p style=\"text-align: center;\">H\u00e9bergement : OVH<\/p>\n<p>[\/vc_column_text][\/vc_column][\/vc_row][vc_row][vc_column][vc_empty_space height=\u00a0\u00bb300px\u00a0\u00bb][\/vc_column][\/vc_row]<\/p>\n","protected":false},"excerpt":{"rendered":"<p>[vc_row][vc_column][vc_single_image image=\u00a0\u00bb7&Prime; img_size=\u00a0\u00bblarge\u00a0\u00bb alignment=\u00a0\u00bbcenter\u00a0\u00bb][\/vc_column][\/vc_row][vc_row][vc_column][vc_column_text] MENTIONS LEGALES Agence Komkifo Si\u00e8ge sociale E.I au capital de 7500 euros 6 rue Charles Gounod, 97400 Saint-Denis, La R\u00e9union T\u00e9l : +261 692 60 73 02 Email: contact@cultivanoo.com RCS : 511 850 323 Saint Denis de la r\u00e9union Siret : 81475168100010 Code APE : 9001Z Directeur G\u00e9n\u00e9rale : Mr Zakaria &hellip; <\/p>\n","protected":false},"author":1,"featured_media":0,"parent":0,"menu_order":0,"comment_status":"closed","ping_status":"closed","template":"","meta":[],"_links":{"self":[{"href":"https:\/\/cultivanoo.com\/reservation\/wp-json\/wp\/v2\/pages\/90"}],"collection":[{"href":"https:\/\/cultivanoo.com\/reservation\/wp-json\/wp\/v2\/pages"}],"about":[{"href":"https:\/\/cultivanoo.com\/reservation\/wp-json\/wp\/v2\/types\/page"}],"author":[{"embeddable":true,"href":"https:\/\/cultivanoo.com\/reservation\/wp-json\/wp\/v2\/users\/1"}],"replies":[{"embeddable":true,"href":"https:\/\/cultivanoo.com\/reservation\/wp-json\/wp\/v2\/comments?post=90"}],"version-history":[{"count":4,"href":"https:\/\/cultivanoo.com\/reservation\/wp-json\/wp\/v2\/pages\/90\/revisions"}],"predecessor-version":[{"id":95,"href":"https:\/\/cultivanoo.com\/reservation\/wp-json\/wp\/v2\/pages\/90\/revisions\/95"}],"wp:attachment":[{"href":"https:\/\/cultivanoo.com\/reservation\/wp-json\/wp\/v2\/media?parent=90"}],"curies":[{"name":"wp","href":"https:\/\/api.w.org\/{rel}","templated":true}]}}