{"id":269,"date":"2024-03-29T20:32:28","date_gmt":"2024-03-29T19:32:28","guid":{"rendered":"https:\/\/cultivanoo.com\/reservation\/?page_id=269"},"modified":"2024-03-29T20:49:33","modified_gmt":"2024-03-29T19:49:33","slug":"bulletin-de-reservation-les-jardins","status":"publish","type":"page","link":"https:\/\/cultivanoo.com\/reservation\/bulletin-de-reservation-les-jardins\/","title":{"rendered":"BULLETIN DE R\u00c9SERVATION LES JARDINS"},"content":{"rendered":"<p>[vc_row full_width=\u00a0\u00bbstretch_row\u00a0\u00bb content_placement=\u00a0\u00bbmiddle\u00a0\u00bb css_animation=\u00a0\u00bbnone\u00a0\u00bb css=\u00a0\u00bb.vc_custom_1686323764502{margin-top: -60px !important;background-color: #ffffff !important;}\u00a0\u00bb][vc_column][vc_row_inner][vc_column_inner width=\u00a0\u00bb2\/3&Prime;][vc_single_image image=\u00a0\u00bb273&Prime; img_size=\u00a0\u00bbfull\u00a0\u00bb css_animation=\u00a0\u00bbfadeIn\u00a0\u00bb][\/vc_column_inner][vc_column_inner width=\u00a0\u00bb1\/3&Prime;][vc_single_image image=\u00a0\u00bb274&Prime; img_size=\u00a0\u00bbfull\u00a0\u00bb][\/vc_column_inner][\/vc_row_inner][vc_column_text css_animation=\u00a0\u00bbfadeIn\u00a0\u00bb]<\/p>\n<h4 style=\"text-align: center;\"><strong>Du 11 au 12 Mai 2024<br \/>\nAu Parc du Bocage<br \/>\n<\/strong><\/h4>\n<p>[\/vc_column_text][\/vc_column][\/vc_row][vc_row][vc_column][vc_column_text css_animation=\u00a0\u00bbfadeIn\u00a0\u00bb]<\/p>\n<h4 style=\"text-align: left;\"><strong>BULLETIN DE R\u00c9SERVATION<br \/>\n<\/strong><\/h4>\n<p>[\/vc_column_text][vc_column_text css_animation=\u00a0\u00bbfadeIn\u00a0\u00bb]<\/p>\n<p style=\"text-align: left;\">Veuillez remplir les informations ci-dessous :<\/p>\n<p>[\/vc_column_text][vc_column_text]<form id=\"forminator-module-271\" class=\"forminator-custom-form forminator-custom-form-271\" action=\"\" method=\"post\" data-forminator-render=\"0\"><div class=\"forminator-response-message forminator-error\" aria-hidden=\"true\"><\/div><\/form>[\/vc_column_text][\/vc_column][\/vc_row][vc_row][vc_column][vc_empty_space][\/vc_column][\/vc_row][vc_row full_width=\u00a0\u00bbstretch_row\u00a0\u00bb css_animation=\u00a0\u00bbfadeIn\u00a0\u00bb css=\u00a0\u00bb.vc_custom_1632225625212{padding-bottom: 32px !important;background-color: #eaeaea !important;}\u00a0\u00bb][vc_column width=\u00a0\u00bb1\/6&Prime;][\/vc_column][vc_column width=\u00a0\u00bb2\/6&Prime;][vc_column_text]<\/p>\n<p style=\"text-align: center;\"><strong>CONTACT<\/strong><\/p>\n<p style=\"text-align: center;\"><strong>AGENCE KOMKIFO<\/strong><br \/>\n<strong>Mme Nathalie ARABOUX<\/strong> : 06 92 18 05 11<br \/>\nEmail :logistique@komkifo.com<br \/>\n<strong>M. St\u00e9phane DEPECHE<\/strong> : 06 92 08 85 56<br \/>\nEmail :presidence@komkifo.com<br \/>\n<strong>M. Zakaria Mall<\/strong> : 06 92 60 73 02<br \/>\nEmail :direction@komkifo.com<br \/>\n[\/vc_column_text][\/vc_column][vc_column width=\u00a0\u00bb2\/6&Prime;][vc_column_text css_animation=\u00a0\u00bbfadeIn\u00a0\u00bb]<\/p>\n<p style=\"text-align: center;\"><strong>NUM\u00c9RO DE RESERVATION<\/strong><\/p>\n<p>&nbsp;<\/p>\n<p>&nbsp;<\/p>\n<p style=\"text-align: center;\"><strong>Cadre r\u00e9serv\u00e9 \u00e0 l\u2019organisateur<\/strong><\/p>\n<p>[\/vc_column_text][\/vc_column][vc_column width=\u00a0\u00bb1\/6&Prime;][\/vc_column][\/vc_row][vc_row full_width=\u00a0\u00bbstretch_row\u00a0\u00bb css_animation=\u00a0\u00bbnone\u00a0\u00bb css=\u00a0\u00bb.vc_custom_1657535365166{background-color: #6ed1ff !important;}\u00a0\u00bb][vc_column][vc_column_text]<\/p>\n<h5 style=\"text-align: center;\">ORGANISATEUR\u00a0: ASSOCIATION KOMKILE, 6 Rue Charles Gounod, N\u00b06, 97400, Saint-Denis (La R\u00e9union)<\/h5>\n<h5 style=\"text-align: center;\">SIRET : 842 115 602 00018 \/ 814 751 681 00010<\/h5>\n<p>[\/vc_column_text][\/vc_column][\/vc_row][vc_row full_width=\u00a0\u00bbstretch_row\u00a0\u00bb content_placement=\u00a0\u00bbmiddle\u00a0\u00bb css_animation=\u00a0\u00bbnone\u00a0\u00bb parallax=\u00a0\u00bbtrue\u00a0\u00bb css=\u00a0\u00bb.vc_custom_1657550905823{margin-bottom: -60px !important;padding-top: 100px !important;padding-bottom: 100px !important;background-color: #8f0000 !important;}\u00a0\u00bb][vc_column][vc_column_text css_animation=\u00a0\u00bbnone\u00a0\u00bb]<\/p>\n<h2><\/h2>\n<h2 style=\"text-align: center;\"><a href=\"https:\/\/cultivanoo.com\/\"><span style=\"color: #ffffff;\">CULTIVANOO.COM<\/span><\/a><\/h2>\n<h3 style=\"text-align: center;\"><span style=\"color: #ffffff;\">VOTRE LIBRAIRIE R\u00c9UNIONNAISE EN LIGNE<\/span><\/h3>\n<p>[\/vc_column_text][\/vc_column][\/vc_row]<\/p>\n","protected":false},"excerpt":{"rendered":"<p>[vc_row full_width=\u00a0\u00bbstretch_row\u00a0\u00bb content_placement=\u00a0\u00bbmiddle\u00a0\u00bb css_animation=\u00a0\u00bbnone\u00a0\u00bb css=\u00a0\u00bb.vc_custom_1686323764502{margin-top: -60px !important;background-color: #ffffff !important;}\u00a0\u00bb][vc_column][vc_row_inner][vc_column_inner width=\u00a0\u00bb2\/3&Prime;][vc_single_image image=\u00a0\u00bb273&Prime; img_size=\u00a0\u00bbfull\u00a0\u00bb css_animation=\u00a0\u00bbfadeIn\u00a0\u00bb][\/vc_column_inner][vc_column_inner width=\u00a0\u00bb1\/3&Prime;][vc_single_image image=\u00a0\u00bb274&Prime; img_size=\u00a0\u00bbfull\u00a0\u00bb][\/vc_column_inner][\/vc_row_inner][vc_column_text css_animation=\u00a0\u00bbfadeIn\u00a0\u00bb] Du 11 au 12 Mai 2024 Au Parc du Bocage [\/vc_column_text][\/vc_column][\/vc_row][vc_row][vc_column][vc_column_text css_animation=\u00a0\u00bbfadeIn\u00a0\u00bb] BULLETIN DE R\u00c9SERVATION [\/vc_column_text][vc_column_text css_animation=\u00a0\u00bbfadeIn\u00a0\u00bb] Veuillez remplir les informations ci-dessous : [\/vc_column_text][vc_column_text][\/vc_column_text][\/vc_column][\/vc_row][vc_row][vc_column][vc_empty_space][\/vc_column][\/vc_row][vc_row full_width=\u00a0\u00bbstretch_row\u00a0\u00bb css_animation=\u00a0\u00bbfadeIn\u00a0\u00bb css=\u00a0\u00bb.vc_custom_1632225625212{padding-bottom: 32px !important;background-color: #eaeaea !important;}\u00a0\u00bb][vc_column width=\u00a0\u00bb1\/6&Prime;][\/vc_column][vc_column width=\u00a0\u00bb2\/6&Prime;][vc_column_text] CONTACT AGENCE KOMKIFO Mme Nathalie &hellip; <\/p>\n","protected":false},"author":1,"featured_media":0,"parent":0,"menu_order":0,"comment_status":"closed","ping_status":"closed","template":"","meta":[],"_links":{"self":[{"href":"https:\/\/cultivanoo.com\/reservation\/wp-json\/wp\/v2\/pages\/269"}],"collection":[{"href":"https:\/\/cultivanoo.com\/reservation\/wp-json\/wp\/v2\/pages"}],"about":[{"href":"https:\/\/cultivanoo.com\/reservation\/wp-json\/wp\/v2\/types\/page"}],"author":[{"embeddable":true,"href":"https:\/\/cultivanoo.com\/reservation\/wp-json\/wp\/v2\/users\/1"}],"replies":[{"embeddable":true,"href":"https:\/\/cultivanoo.com\/reservation\/wp-json\/wp\/v2\/comments?post=269"}],"version-history":[{"count":4,"href":"https:\/\/cultivanoo.com\/reservation\/wp-json\/wp\/v2\/pages\/269\/revisions"}],"predecessor-version":[{"id":276,"href":"https:\/\/cultivanoo.com\/reservation\/wp-json\/wp\/v2\/pages\/269\/revisions\/276"}],"wp:attachment":[{"href":"https:\/\/cultivanoo.com\/reservation\/wp-json\/wp\/v2\/media?parent=269"}],"curies":[{"name":"wp","href":"https:\/\/api.w.org\/{rel}","templated":true}]}}